{"id":574,"date":"2019-09-15T05:02:12","date_gmt":"2019-09-15T05:02:12","guid":{"rendered":"https:\/\/biokalb-oberland.de\/?page_id=574"},"modified":"2026-03-11T07:47:30","modified_gmt":"2026-03-11T07:47:30","slug":"16-vermarktung","status":"publish","type":"page","link":"https:\/\/biokalb-oberland.de\/","title":{"rendered":"Startseite"},"content":{"rendered":"\t\t<div data-elementor-type=\"wp-post\" data-elementor-id=\"574\" class=\"elementor elementor-574\">\n\t\t\t\t\t\t<section class=\"elementor-section elementor-top-section elementor-element elementor-element-de79eef elementor-section-boxed elementor-section-height-default elementor-section-height-default\" data-id=\"de79eef\" data-element_type=\"section\" data-e-type=\"section\">\n\t\t\t\t\t\t<div class=\"elementor-container elementor-column-gap-default\">\n\t\t\t\t\t<div class=\"elementor-column elementor-col-50 elementor-top-column elementor-element elementor-element-1f1b136\" data-id=\"1f1b136\" data-element_type=\"column\" data-e-type=\"column\">\n\t\t\t<div class=\"elementor-widget-wrap elementor-element-populated\">\n\t\t\t\t\t\t<div class=\"elementor-element elementor-element-0326b92 elementor-widget elementor-widget-image\" data-id=\"0326b92\" data-element_type=\"widget\" data-e-type=\"widget\" data-widget_type=\"image.default\">\n\t\t\t\t<div class=\"elementor-widget-container\">\n\t\t\t\t\t\t\t\t\t\t\t\t\t\t\t<img fetchpriority=\"high\" decoding=\"async\" width=\"300\" height=\"200\" src=\"https:\/\/biokalb-oberland.de\/wp-content\/uploads\/2020\/02\/IMG_0163-300x200.jpg\" class=\"attachment-medium size-medium wp-image-1060\" alt=\"\" srcset=\"https:\/\/biokalb-oberland.de\/wp-content\/uploads\/2020\/02\/IMG_0163-300x200.jpg 300w, https:\/\/biokalb-oberland.de\/wp-content\/uploads\/2020\/02\/IMG_0163-1024x683.jpg 1024w, https:\/\/biokalb-oberland.de\/wp-content\/uploads\/2020\/02\/IMG_0163-768x512.jpg 768w, https:\/\/biokalb-oberland.de\/wp-content\/uploads\/2020\/02\/IMG_0163-1536x1024.jpg 1536w, https:\/\/biokalb-oberland.de\/wp-content\/uploads\/2020\/02\/IMG_0163-2048x1365.jpg 2048w\" sizes=\"(max-width: 300px) 100vw, 300px\" \/>\t\t\t\t\t\t\t\t\t\t\t\t\t\t\t<\/div>\n\t\t\t\t<\/div>\n\t\t\t\t\t<\/div>\n\t\t<\/div>\n\t\t\t\t<div class=\"elementor-column elementor-col-50 elementor-top-column elementor-element elementor-element-089e1de\" data-id=\"089e1de\" data-element_type=\"column\" data-e-type=\"column\">\n\t\t\t<div class=\"elementor-widget-wrap elementor-element-populated\">\n\t\t\t\t\t\t<div class=\"elementor-element elementor-element-9967bfa elementor-widget elementor-widget-image\" data-id=\"9967bfa\" data-element_type=\"widget\" data-e-type=\"widget\" data-widget_type=\"image.default\">\n\t\t\t\t<div class=\"elementor-widget-container\">\n\t\t\t\t\t\t\t\t\t\t\t\t\t\t\t<img decoding=\"async\" width=\"300\" height=\"212\" src=\"https:\/\/biokalb-oberland.de\/wp-content\/uploads\/2019\/09\/Kalb-1-300x212.jpg\" class=\"attachment-medium size-medium wp-image-523\" alt=\"\" srcset=\"https:\/\/biokalb-oberland.de\/wp-content\/uploads\/2019\/09\/Kalb-1-300x212.jpg 300w, https:\/\/biokalb-oberland.de\/wp-content\/uploads\/2019\/09\/Kalb-1-768x543.jpg 768w, https:\/\/biokalb-oberland.de\/wp-content\/uploads\/2019\/09\/Kalb-1-1024x724.jpg 1024w\" sizes=\"(max-width: 300px) 100vw, 300px\" \/>\t\t\t\t\t\t\t\t\t\t\t\t\t\t\t<\/div>\n\t\t\t\t<\/div>\n\t\t\t\t\t<\/div>\n\t\t<\/div>\n\t\t\t\t\t<\/div>\n\t\t<\/section>\n\t\t\t\t<section class=\"elementor-section elementor-top-section elementor-element elementor-element-aa86531 elementor-section-boxed elementor-section-height-default elementor-section-height-default\" data-id=\"aa86531\" data-element_type=\"section\" data-e-type=\"section\" data-settings=\"{&quot;background_background&quot;:&quot;classic&quot;}\">\n\t\t\t\t\t\t\t<div class=\"elementor-background-overlay\"><\/div>\n\t\t\t\t\t\t\t<div class=\"elementor-container elementor-column-gap-default\">\n\t\t\t\t\t<div class=\"elementor-column elementor-col-100 elementor-top-column elementor-element elementor-element-56bdf58\" data-id=\"56bdf58\" data-element_type=\"column\" data-e-type=\"column\" data-settings=\"{&quot;background_background&quot;:&quot;classic&quot;}\">\n\t\t\t<div class=\"elementor-widget-wrap elementor-element-populated\">\n\t\t\t\t\t<div class=\"elementor-background-overlay\"><\/div>\n\t\t\t\t\t\t<div class=\"elementor-element elementor-element-87b7f46 elementor-widget elementor-widget-text-editor\" data-id=\"87b7f46\" data-element_type=\"widget\" data-e-type=\"widget\" data-settings=\"{&quot;_animation&quot;:&quot;none&quot;}\" data-widget_type=\"text-editor.default\">\n\t\t\t\t<div class=\"elementor-widget-container\">\n\t\t\t\t\t\t\t\t\t<p style=\"text-align: center;\"><span style=\"text-decoration: underline;\"><em><strong>Liebe Kunden,<br \/><\/strong><\/em><\/span><\/p><p>unser n\u00e4chster Vermarktungstermin findet am<\/p><p><strong>Samstag, 28. M\u00e4rz<\/strong>\u00a02025 von <strong>12:00 bis 16:00 Uhr<\/strong><br \/>wie gewohnt am <strong><span style=\"text-decoration: underline;\"><span style=\"color: #0000ff; text-decoration: underline;\"><a style=\"color: #0000ff; text-decoration: underline;\" href=\"https:\/\/www.hairerhof.de\/anfahrt-1\/\">Hairerhof (Hairer 1, Warngau &#8211; Wall)<\/a><\/span><\/span> <\/strong>statt.<\/p><p>F\u00fcr diesen Termin ist die <b>Vermarktung <\/b>eines<\/p><p><b> Bio-F\u00e4rse <\/b><\/p><p>sowie<\/p><p><strong>bei gen\u00fcgend Interesse ein Bio-Kalb eines Partnerbetriebes<\/strong><\/p><p>vorgesehen.<\/p><p><a href=\"https:\/\/biokalb-oberland.de\/?page_id=623\">Infos hierzu: <span style=\"text-decoration: underline;\"><span style=\"color: #0000ff;\"><strong>klick<\/strong><\/span><\/span><\/a><\/p><p>Vorbestellungen oder Aufnahme in den Verteiler bitte wie gewohnt per eMail an:<\/p><p><a href=\"mailto:info@biokalb-oberland.de\"><span style=\"text-decoration: underline;\"><strong><span style=\"color: #0000ff; text-decoration: underline;\">info@biokalb-oberland.de<\/span><\/strong><\/span><\/a><\/p>\t\t\t\t\t\t\t\t<\/div>\n\t\t\t\t<\/div>\n\t\t\t\t\t<\/div>\n\t\t<\/div>\n\t\t\t\t\t<\/div>\n\t\t<\/section>\n\t\t\t\t<section class=\"elementor-section elementor-top-section elementor-element elementor-element-295af07 elementor-section-boxed elementor-section-height-default elementor-section-height-default\" data-id=\"295af07\" data-element_type=\"section\" data-e-type=\"section\">\n\t\t\t\t\t\t<div class=\"elementor-container elementor-column-gap-default\">\n\t\t\t\t\t<div class=\"elementor-column elementor-col-100 elementor-top-column elementor-element elementor-element-0a6be07\" data-id=\"0a6be07\" data-element_type=\"column\" data-e-type=\"column\">\n\t\t\t<div class=\"elementor-widget-wrap elementor-element-populated\">\n\t\t\t\t\t\t<div class=\"elementor-element elementor-element-ed3c219 elementor-widget elementor-widget-spacer\" data-id=\"ed3c219\" data-element_type=\"widget\" data-e-type=\"widget\" data-widget_type=\"spacer.default\">\n\t\t\t\t<div class=\"elementor-widget-container\">\n\t\t\t\t\t\t\t<div class=\"elementor-spacer\">\n\t\t\t<div class=\"elementor-spacer-inner\"><\/div>\n\t\t<\/div>\n\t\t\t\t\t\t<\/div>\n\t\t\t\t<\/div>\n\t\t\t\t\t<\/div>\n\t\t<\/div>\n\t\t\t\t\t<\/div>\n\t\t<\/section>\n\t\t\t\t<section class=\"elementor-section elementor-top-section elementor-element elementor-element-c1dbc5a elementor-section-boxed elementor-section-height-default elementor-section-height-default\" data-id=\"c1dbc5a\" data-element_type=\"section\" data-e-type=\"section\" data-settings=\"{&quot;background_background&quot;:&quot;classic&quot;}\">\n\t\t\t\t\t\t<div class=\"elementor-container elementor-column-gap-default\">\n\t\t\t\t\t<div class=\"elementor-column elementor-col-20 elementor-top-column elementor-element elementor-element-84bb590\" data-id=\"84bb590\" data-element_type=\"column\" data-e-type=\"column\">\n\t\t\t<div class=\"elementor-widget-wrap\">\n\t\t\t\t\t\t\t<\/div>\n\t\t<\/div>\n\t\t\t\t<div class=\"elementor-column elementor-col-20 elementor-top-column elementor-element elementor-element-f777068\" data-id=\"f777068\" data-element_type=\"column\" data-e-type=\"column\">\n\t\t\t<div class=\"elementor-widget-wrap elementor-element-populated\">\n\t\t\t\t\t\t<div class=\"elementor-element elementor-element-9c0a0cf elementor-absolute elementor-widget elementor-widget-text-editor\" data-id=\"9c0a0cf\" data-element_type=\"widget\" data-e-type=\"widget\" data-settings=\"{&quot;_position&quot;:&quot;absolute&quot;}\" data-widget_type=\"text-editor.default\">\n\t\t\t\t<div class=\"elementor-widget-container\">\n\t\t\t\t\t\t\t\t\t<p><span style=\"text-decoration: underline;\">Unsere Partner:<\/span><\/p>\t\t\t\t\t\t\t\t<\/div>\n\t\t\t\t<\/div>\n\t\t\t\t<div class=\"elementor-element elementor-element-8e56251 elementor-widget elementor-widget-image\" data-id=\"8e56251\" data-element_type=\"widget\" data-e-type=\"widget\" data-widget_type=\"image.default\">\n\t\t\t\t<div class=\"elementor-widget-container\">\n\t\t\t\t\t\t\t\t\t\t\t\t\t\t\t\t<a href=\"https:\/\/www.oekomodellregionen.bayern\/miesbacher-oberland\">\n\t\t\t\t\t\t\t<img decoding=\"async\" width=\"150\" height=\"150\" src=\"https:\/\/biokalb-oberland.de\/wp-content\/uploads\/2020\/10\/OekoModellregion-150x150.jpg\" class=\"attachment-thumbnail size-thumbnail wp-image-1790\" alt=\"\" srcset=\"https:\/\/biokalb-oberland.de\/wp-content\/uploads\/2020\/10\/OekoModellregion-150x150.jpg 150w, https:\/\/biokalb-oberland.de\/wp-content\/uploads\/2020\/10\/OekoModellregion-300x300.jpg 300w, https:\/\/biokalb-oberland.de\/wp-content\/uploads\/2020\/10\/OekoModellregion.jpg 450w\" sizes=\"(max-width: 150px) 100vw, 150px\" \/>\t\t\t\t\t\t\t\t<\/a>\n\t\t\t\t\t\t\t\t\t\t\t\t\t\t\t<\/div>\n\t\t\t\t<\/div>\n\t\t\t\t\t<\/div>\n\t\t<\/div>\n\t\t\t\t<div class=\"elementor-column elementor-col-20 elementor-top-column elementor-element elementor-element-fc52d30\" data-id=\"fc52d30\" data-element_type=\"column\" data-e-type=\"column\">\n\t\t\t<div class=\"elementor-widget-wrap elementor-element-populated\">\n\t\t\t\t\t\t<div class=\"elementor-element elementor-element-42e5902 elementor-widget elementor-widget-image\" data-id=\"42e5902\" data-element_type=\"widget\" data-e-type=\"widget\" data-widget_type=\"image.default\">\n\t\t\t\t<div class=\"elementor-widget-container\">\n\t\t\t\t\t\t\t\t\t\t\t\t\t\t\t\t<a href=\"https:\/\/www.marys-esszimmer.de\/\" target=\"_blank\">\n\t\t\t\t\t\t\t<img loading=\"lazy\" decoding=\"async\" width=\"280\" height=\"177\" src=\"https:\/\/biokalb-oberland.de\/wp-content\/uploads\/2020\/10\/DAS-Marys-Esszimmer-Bistro-Logo_1-5d2d29e7.png\" class=\"attachment-large size-large wp-image-1553\" alt=\"\" \/>\t\t\t\t\t\t\t\t<\/a>\n\t\t\t\t\t\t\t\t\t\t\t\t\t\t\t<\/div>\n\t\t\t\t<\/div>\n\t\t\t\t\t<\/div>\n\t\t<\/div>\n\t\t\t\t<div class=\"elementor-column elementor-col-20 elementor-top-column elementor-element elementor-element-cb3f3f6\" data-id=\"cb3f3f6\" data-element_type=\"column\" data-e-type=\"column\">\n\t\t\t<div class=\"elementor-widget-wrap elementor-element-populated\">\n\t\t\t\t\t\t<div class=\"elementor-element elementor-element-0734178 elementor-widget elementor-widget-image\" data-id=\"0734178\" data-element_type=\"widget\" data-e-type=\"widget\" data-widget_type=\"image.default\">\n\t\t\t\t<div class=\"elementor-widget-container\">\n\t\t\t\t\t\t\t\t\t\t\t\t\t\t\t\t<a href=\"https:\/\/machtsinn.bayern\/\">\n\t\t\t\t\t\t\t<img loading=\"lazy\" decoding=\"async\" width=\"768\" height=\"310\" src=\"https:\/\/biokalb-oberland.de\/wp-content\/uploads\/2021\/10\/MachtSinnLogo-768x310.jpg\" class=\"attachment-medium_large size-medium_large wp-image-2353\" alt=\"\" srcset=\"https:\/\/biokalb-oberland.de\/wp-content\/uploads\/2021\/10\/MachtSinnLogo-768x310.jpg 768w, https:\/\/biokalb-oberland.de\/wp-content\/uploads\/2021\/10\/MachtSinnLogo-300x121.jpg 300w, https:\/\/biokalb-oberland.de\/wp-content\/uploads\/2021\/10\/MachtSinnLogo-1024x413.jpg 1024w, https:\/\/biokalb-oberland.de\/wp-content\/uploads\/2021\/10\/MachtSinnLogo-1536x620.jpg 1536w, https:\/\/biokalb-oberland.de\/wp-content\/uploads\/2021\/10\/MachtSinnLogo-2048x827.jpg 2048w\" sizes=\"(max-width: 768px) 100vw, 768px\" \/>\t\t\t\t\t\t\t\t<\/a>\n\t\t\t\t\t\t\t\t\t\t\t\t\t\t\t<\/div>\n\t\t\t\t<\/div>\n\t\t\t\t\t<\/div>\n\t\t<\/div>\n\t\t\t\t<div class=\"elementor-column elementor-col-20 elementor-top-column elementor-element elementor-element-53f14ca\" data-id=\"53f14ca\" data-element_type=\"column\" data-e-type=\"column\">\n\t\t\t<div class=\"elementor-widget-wrap elementor-element-populated\">\n\t\t\t\t\t\t<div class=\"elementor-element elementor-element-61aa180 elementor-widget elementor-widget-image\" data-id=\"61aa180\" data-element_type=\"widget\" data-e-type=\"widget\" data-widget_type=\"image.default\">\n\t\t\t\t<div class=\"elementor-widget-container\">\n\t\t\t\t\t\t\t\t\t\t\t\t\t\t\t\t<a href=\"https:\/\/www.oberland-bioweiderind.de\/\">\n\t\t\t\t\t\t\t<img loading=\"lazy\" decoding=\"async\" width=\"120\" height=\"158\" src=\"https:\/\/biokalb-oberland.de\/wp-content\/uploads\/2023\/07\/BiokalbOberlandweiderindLoge.png\" class=\"attachment-large size-large wp-image-3048\" alt=\"\" \/>\t\t\t\t\t\t\t\t<\/a>\n\t\t\t\t\t\t\t\t\t\t\t\t\t\t\t<\/div>\n\t\t\t\t<\/div>\n\t\t\t\t\t<\/div>\n\t\t<\/div>\n\t\t\t\t\t<\/div>\n\t\t<\/section>\n\t\t\t\t<section class=\"elementor-section elementor-top-section elementor-element elementor-element-7e022e2 elementor-section-boxed elementor-section-height-default elementor-section-height-default\" data-id=\"7e022e2\" data-element_type=\"section\" data-e-type=\"section\">\n\t\t\t\t\t\t<div class=\"elementor-container elementor-column-gap-default\">\n\t\t\t\t\t<div class=\"elementor-column elementor-col-100 elementor-top-column elementor-element elementor-element-3b03b47\" data-id=\"3b03b47\" data-element_type=\"column\" data-e-type=\"column\">\n\t\t\t<div class=\"elementor-widget-wrap\">\n\t\t\t\t\t\t\t<\/div>\n\t\t<\/div>\n\t\t\t\t\t<\/div>\n\t\t<\/section>\n\t\t\t\t<\/div>\n\t\t","protected":false},"excerpt":{"rendered":"<p>Liebe Kunden, unser n\u00e4chster Vermarktungstermin findet am Samstag, 28. M\u00e4rz\u00a02025 von 12:00 bis 16:00 Uhrwie gewohnt am Hairerhof (Hairer 1, Warngau &#8211; Wall) statt. F\u00fcr diesen Termin ist die Vermarktung eines Bio-F\u00e4rse sowie bei gen\u00fcgend Interesse ein Bio-Kalb eines Partnerbetriebes vorgesehen. Infos hierzu: klick Vorbestellungen oder Aufnahme in den Verteiler bitte wie gewohnt per eMail [&hellip;]<\/p>\n","protected":false},"author":1,"featured_media":0,"parent":0,"menu_order":0,"comment_status":"closed","ping_status":"closed","template":"","meta":{"ocean_post_layout":"full-screen","ocean_both_sidebars_style":"","ocean_both_sidebars_content_width":0,"ocean_both_sidebars_sidebars_width":0,"ocean_sidebar":"0","ocean_second_sidebar":"0","ocean_disable_margins":"enable","ocean_add_body_class":"","ocean_shortcode_before_top_bar":"","ocean_shortcode_after_top_bar":"","ocean_shortcode_before_header":"","ocean_shortcode_after_header":"","ocean_has_shortcode":"","ocean_shortcode_after_title":"","ocean_shortcode_before_footer_widgets":"","ocean_shortcode_after_footer_widgets":"","ocean_shortcode_before_footer_bottom":"","ocean_shortcode_after_footer_bottom":"","ocean_display_top_bar":"off","ocean_display_header":"on","ocean_header_style":"","ocean_center_header_left_menu":"0","ocean_custom_header_template":"0","ocean_custom_logo":0,"ocean_custom_retina_logo":0,"ocean_custom_logo_max_width":0,"ocean_custom_logo_tablet_max_width":0,"ocean_custom_logo_mobile_max_width":0,"ocean_custom_logo_max_height":0,"ocean_custom_logo_tablet_max_height":0,"ocean_custom_logo_mobile_max_height":0,"ocean_header_custom_menu":"0","ocean_menu_typo_font_family":"0","ocean_menu_typo_font_subset":"","ocean_menu_typo_font_size":0,"ocean_menu_typo_font_size_tablet":0,"ocean_menu_typo_font_size_mobile":0,"ocean_menu_typo_font_size_unit":"px","ocean_menu_typo_font_weight":"","ocean_menu_typo_font_weight_tablet":"","ocean_menu_typo_font_weight_mobile":"","ocean_menu_typo_transform":"","ocean_menu_typo_transform_tablet":"","ocean_menu_typo_transform_mobile":"","ocean_menu_typo_line_height":0,"ocean_menu_typo_line_height_tablet":0,"ocean_menu_typo_line_height_mobile":0,"ocean_menu_typo_line_height_unit":"","ocean_menu_typo_spacing":0,"ocean_menu_typo_spacing_tablet":0,"ocean_menu_typo_spacing_mobile":0,"ocean_menu_typo_spacing_unit":"","ocean_menu_link_color":"","ocean_menu_link_color_hover":"","ocean_menu_link_color_active":"","ocean_menu_link_background":"","ocean_menu_link_hover_background":"","ocean_menu_link_active_background":"","ocean_menu_social_links_bg":"","ocean_menu_social_hover_links_bg":"","ocean_menu_social_links_color":"","ocean_menu_social_hover_links_color":"","ocean_disable_title":"on","ocean_disable_heading":"default","ocean_post_title":"","ocean_post_subheading":"","ocean_post_title_style":"","ocean_post_title_background_color":"","ocean_post_title_background":0,"ocean_post_title_bg_image_position":"","ocean_post_title_bg_image_attachment":"","ocean_post_title_bg_image_repeat":"","ocean_post_title_bg_image_size":"","ocean_post_title_height":0,"ocean_post_title_bg_overlay":0.5,"ocean_post_title_bg_overlay_color":"","ocean_disable_breadcrumbs":"default","ocean_breadcrumbs_color":"","ocean_breadcrumbs_separator_color":"","ocean_breadcrumbs_links_color":"","ocean_breadcrumbs_links_hover_color":"","ocean_display_footer_widgets":"off","ocean_display_footer_bottom":"off","ocean_custom_footer_template":"0","footnotes":""},"class_list":["post-574","page","type-page","status-publish","hentry","entry"],"_links":{"self":[{"href":"https:\/\/biokalb-oberland.de\/index.php?rest_route=\/wp\/v2\/pages\/574"}],"collection":[{"href":"https:\/\/biokalb-oberland.de\/index.php?rest_route=\/wp\/v2\/pages"}],"about":[{"href":"https:\/\/biokalb-oberland.de\/index.php?rest_route=\/wp\/v2\/types\/page"}],"author":[{"embeddable":true,"href":"https:\/\/biokalb-oberland.de\/index.php?rest_route=\/wp\/v2\/users\/1"}],"replies":[{"embeddable":true,"href":"https:\/\/biokalb-oberland.de\/index.php?rest_route=%2Fwp%2Fv2%2Fcomments&post=574"}],"version-history":[{"count":1150,"href":"https:\/\/biokalb-oberland.de\/index.php?rest_route=\/wp\/v2\/pages\/574\/revisions"}],"predecessor-version":[{"id":3436,"href":"https:\/\/biokalb-oberland.de\/index.php?rest_route=\/wp\/v2\/pages\/574\/revisions\/3436"}],"wp:attachment":[{"href":"https:\/\/biokalb-oberland.de\/index.php?rest_route=%2Fwp%2Fv2%2Fmedia&parent=574"}],"curies":[{"name":"wp","href":"https:\/\/api.w.org\/{rel}","templated":true}]}}