{"id":90,"date":"2019-03-15T21:45:33","date_gmt":"2019-03-15T21:45:33","guid":{"rendered":"https:\/\/biokalb-oberland.de\/?page_id=90"},"modified":"2022-12-27T13:26:33","modified_gmt":"2022-12-27T13:26:33","slug":"datenschutzerklaerung","status":"publish","type":"page","link":"https:\/\/biokalb-oberland.de\/?page_id=90","title":{"rendered":"Datenschutzerkl\u00e4rung"},"content":{"rendered":"\t\t<div data-elementor-type=\"wp-post\" data-elementor-id=\"90\" class=\"elementor elementor-90\">\n\t\t\t\t\t\t<section class=\"elementor-section elementor-top-section elementor-element elementor-element-52fa711 elementor-section-boxed elementor-section-height-default elementor-section-height-default\" data-id=\"52fa711\" data-element_type=\"section\" data-e-type=\"section\">\n\t\t\t\t\t\t<div class=\"elementor-container elementor-column-gap-default\">\n\t\t\t\t\t<div class=\"elementor-column elementor-col-100 elementor-top-column elementor-element elementor-element-688a4e0\" data-id=\"688a4e0\" data-element_type=\"column\" data-e-type=\"column\">\n\t\t\t<div class=\"elementor-widget-wrap elementor-element-populated\">\n\t\t\t\t\t\t<div class=\"elementor-element elementor-element-587767b elementor-widget elementor-widget-spacer\" data-id=\"587767b\" data-element_type=\"widget\" data-e-type=\"widget\" data-widget_type=\"spacer.default\">\n\t\t\t\t<div class=\"elementor-widget-container\">\n\t\t\t\t\t\t\t<div class=\"elementor-spacer\">\n\t\t\t<div class=\"elementor-spacer-inner\"><\/div>\n\t\t<\/div>\n\t\t\t\t\t\t<\/div>\n\t\t\t\t<\/div>\n\t\t\t\t\t<\/div>\n\t\t<\/div>\n\t\t\t\t\t<\/div>\n\t\t<\/section>\n\t\t\t\t<section class=\"elementor-section elementor-top-section elementor-element elementor-element-916d72a elementor-section-boxed elementor-section-height-default elementor-section-height-default\" data-id=\"916d72a\" data-element_type=\"section\" data-e-type=\"section\">\n\t\t\t\t\t\t<div class=\"elementor-container elementor-column-gap-default\">\n\t\t\t\t\t<div class=\"elementor-column elementor-col-100 elementor-top-column elementor-element elementor-element-c089bee\" data-id=\"c089bee\" data-element_type=\"column\" data-e-type=\"column\" data-settings=\"{&quot;background_background&quot;:&quot;classic&quot;}\">\n\t\t\t<div class=\"elementor-widget-wrap elementor-element-populated\">\n\t\t\t\t\t\t<div class=\"elementor-element elementor-element-58396a0 elementor-widget elementor-widget-heading\" data-id=\"58396a0\" data-element_type=\"widget\" data-e-type=\"widget\" data-widget_type=\"heading.default\">\n\t\t\t\t<div class=\"elementor-widget-container\">\n\t\t\t\t\t<h1 class=\"elementor-heading-title elementor-size-large\">Datenschutzerkl\u00e4rung<\/h1>\t\t\t\t<\/div>\n\t\t\t\t<\/div>\n\t\t\t\t\t<\/div>\n\t\t<\/div>\n\t\t\t\t\t<\/div>\n\t\t<\/section>\n\t\t\t\t<section class=\"elementor-section elementor-top-section elementor-element elementor-element-e1070bf elementor-section-boxed elementor-section-height-default elementor-section-height-default\" data-id=\"e1070bf\" data-element_type=\"section\" data-e-type=\"section\">\n\t\t\t\t\t\t<div class=\"elementor-container elementor-column-gap-default\">\n\t\t\t\t\t<div class=\"elementor-column elementor-col-100 elementor-top-column elementor-element elementor-element-17249e81\" data-id=\"17249e81\" data-element_type=\"column\" data-e-type=\"column\" data-settings=\"{&quot;background_background&quot;:&quot;classic&quot;}\">\n\t\t\t<div class=\"elementor-widget-wrap elementor-element-populated\">\n\t\t\t\t\t\t<div class=\"elementor-element elementor-element-618d056b elementor-widget elementor-widget-text-editor\" data-id=\"618d056b\" data-element_type=\"widget\" data-e-type=\"widget\" data-widget_type=\"text-editor.default\">\n\t\t\t\t<div class=\"elementor-widget-container\">\n\t\t\t\t\t\t\t\t\t<p><\/p>\n<p><span style=\"text-decoration: underline;\">Wer wir sind:<\/span><\/p>\n<p>Die Adresse unserer Website lautet: <span style=\"color: #0000ff;\">https:\/\/biokalb-oberland.de<\/span>.<br>Wir sind voneinander unabh\u00e4ngige Landwirtsfamilien und bilden eine Gemeinschaft ohne vertraglichen Zusammenschluss zur Verwirklichung unsere <a href=\"https:\/\/biokalb-oberland.de\/?page_id=94\"><span style=\"color: #0000ff;\">Ziele<\/span><\/a>.<br>Jede Landwirtsfamilie handelt auf eigene Rechnung.<br><span style=\"color: #3366ff;\"><a style=\"color: #3366ff;\" href=\"https:\/\/biokalb-oberland.de\/?page_id=78\"><span style=\"color: #0000ff;\">Hier der&nbsp; Link zum Verantwortlichen f\u00fcr die Website.<\/span><\/a> <\/span><\/p>\n<p><\/p>\n<p><\/p>\n<p><\/p>\n<div><span style=\"text-decoration: underline;\">Was wir verarbeiten und erheben:<\/span><\/div>\n<div>&nbsp;<\/div>\n<div>Wir verarbeiten und erheben Daten, die Sie uns angeben, wenn Sie mit uns Kontakt aufnehmen, z. B. per eMail.<\/div>\n<div>Unsere Website nutzt Daten, welches Ihre Ger\u00e4te senden und Log-Daten (Verbindungsdaten), wie z. B. die aktuelle IP Adresse, Datum und Uhrzeit des Abrufes, \u00fcbertragene Datenmenge.<\/div>\n<div>&nbsp;<\/div>\n<div>An einigen Stellen unserer Website nutzen wir Cookies, Pixel und \u00e4hnliche Technologien.<\/div>\n<div>Ein Cookie ist eine kleine Textdatei, die lokal auf dem Rechner des Websitebesuchers gespeichert wird.<\/div>\n<div>Die meisten Webbrowser bieten die M\u00f6glichkeit, das Ablegen von Cookies zu unterbinden.<\/div>\n<div>&nbsp;<\/div>\n<div>E-Mail Benachrichtigungen mit Anmeldung zum Newsletter:<br>Wenn Sie sich hierzu anmelden, verwenden wir die hierf\u00fcr erfolderlichen von Ihnen mitgeteilten Daten aufgrund Ihrer Einwilligung gem\u00e4\u00df Art. 6 Abs 1 S. 1 lit. a DSGVO.<\/div>\n<div>Selbstverst\u00e4ndlich k\u00f6nnen Sie jederzeit den Newsletter unter info@biokalb-oberland.de abbestellen.<br><\/div>\n<div>&nbsp;<\/div>\n<div>Der Einsatz von Google Analytics zur Webanalyse und Tochternunternehmen von Google (z. B. Youtube)<br><\/div>\n<div>Die Website benutzt Google Analytics, ein Webanalysedienst.<\/div>\n<div>Hierbei werden ggf. Daten in ein Drittland, wie z. B. die USA \u00fcbertragen.<\/div>\n<div>Dies ist n\u00f6tig, um die eingesetzen Webtools, die eine komfortable Erstellung der Website erm\u00f6glichen.<\/div>\n<div>Damit ist es unter Anderem m\u00f6glich, korrekte Darstellungen f\u00fcr verschiedene Anzeigeger\u00e4te gut lesbar zur Verf\u00fcgung zu stellen.<br><\/div>\n<div>Ferner werden diese Daten genutzt, um entsprechende Suchm\u00f6glichkeit \u00fcber etablierte Suchdienste zu erm\u00f6glichen und R\u00fcckschl\u00fcsse auf die Abrufh\u00e4ufigkeit zu erhalten.<br><\/div>\n<div>&nbsp;<\/div>\n<div>Auf dieser Website werden Links zu anderen Seiten angeboten.<\/div>\n<div>Hier haben wir keinerlei Einfluss auf den Inhalt. <br><\/div>\n<div>Dort gelten die entsprechenden Datenschutzerkl\u00e4rungen der veranwortlichen Websitebetreibern.<br><\/div>\t\t\t\t\t\t\t\t<\/div>\n\t\t\t\t<\/div>\n\t\t\t\t\t<\/div>\n\t\t<\/div>\n\t\t\t\t\t<\/div>\n\t\t<\/section>\n\t\t\t\t<section class=\"elementor-section elementor-top-section elementor-element elementor-element-8028926 elementor-section-boxed elementor-section-height-default elementor-section-height-default\" data-id=\"8028926\" data-element_type=\"section\" data-e-type=\"section\">\n\t\t\t\t\t\t<div class=\"elementor-container elementor-column-gap-default\">\n\t\t\t\t\t<div class=\"elementor-column elementor-col-100 elementor-top-column elementor-element elementor-element-dad3f80\" data-id=\"dad3f80\" data-element_type=\"column\" data-e-type=\"column\">\n\t\t\t<div class=\"elementor-widget-wrap elementor-element-populated\">\n\t\t\t\t\t\t<div class=\"elementor-element elementor-element-5a32660 elementor-widget elementor-widget-spacer\" data-id=\"5a32660\" data-element_type=\"widget\" data-e-type=\"widget\" data-widget_type=\"spacer.default\">\n\t\t\t\t<div class=\"elementor-widget-container\">\n\t\t\t\t\t\t\t<div class=\"elementor-spacer\">\n\t\t\t<div class=\"elementor-spacer-inner\"><\/div>\n\t\t<\/div>\n\t\t\t\t\t\t<\/div>\n\t\t\t\t<\/div>\n\t\t\t\t\t<\/div>\n\t\t<\/div>\n\t\t\t\t\t<\/div>\n\t\t<\/section>\n\t\t\t\t<\/div>\n\t\t","protected":false},"excerpt":{"rendered":"<p>Datenschutzerkl\u00e4rung Wer wir sind: Die Adresse unserer Website lautet: https:\/\/biokalb-oberland.de.Wir sind voneinander unabh\u00e4ngige Landwirtsfamilien und bilden eine Gemeinschaft ohne vertraglichen Zusammenschluss zur Verwirklichung unsere Ziele.Jede Landwirtsfamilie handelt auf eigene Rechnung.Hier der&nbsp; Link zum Verantwortlichen f\u00fcr die Website. Was wir verarbeiten und erheben: &nbsp; Wir verarbeiten und erheben Daten, die Sie uns angeben, wenn Sie mit [&hellip;]<\/p>\n","protected":false},"author":1,"featured_media":0,"parent":0,"menu_order":0,"comment_status":"closed","ping_status":"closed","template":"","meta":{"ocean_post_layout":"full-screen","ocean_both_sidebars_style":"","ocean_both_sidebars_content_width":0,"ocean_both_sidebars_sidebars_width":0,"ocean_sidebar":"0","ocean_second_sidebar":"0","ocean_disable_margins":"enable","ocean_add_body_class":"","ocean_shortcode_before_top_bar":"","ocean_shortcode_after_top_bar":"","ocean_shortcode_before_header":"","ocean_shortcode_after_header":"","ocean_has_shortcode":"","ocean_shortcode_after_title":"","ocean_shortcode_before_footer_widgets":"","ocean_shortcode_after_footer_widgets":"","ocean_shortcode_before_footer_bottom":"","ocean_shortcode_after_footer_bottom":"","ocean_display_top_bar":"off","ocean_display_header":"on","ocean_header_style":"","ocean_center_header_left_menu":"0","ocean_custom_header_template":"0","ocean_custom_logo":0,"ocean_custom_retina_logo":0,"ocean_custom_logo_max_width":0,"ocean_custom_logo_tablet_max_width":0,"ocean_custom_logo_mobile_max_width":0,"ocean_custom_logo_max_height":0,"ocean_custom_logo_tablet_max_height":0,"ocean_custom_logo_mobile_max_height":0,"ocean_header_custom_menu":"0","ocean_menu_typo_font_family":"0","ocean_menu_typo_font_subset":"","ocean_menu_typo_font_size":0,"ocean_menu_typo_font_size_tablet":0,"ocean_menu_typo_font_size_mobile":0,"ocean_menu_typo_font_size_unit":"px","ocean_menu_typo_font_weight":"","ocean_menu_typo_font_weight_tablet":"","ocean_menu_typo_font_weight_mobile":"","ocean_menu_typo_transform":"","ocean_menu_typo_transform_tablet":"","ocean_menu_typo_transform_mobile":"","ocean_menu_typo_line_height":0,"ocean_menu_typo_line_height_tablet":0,"ocean_menu_typo_line_height_mobile":0,"ocean_menu_typo_line_height_unit":"","ocean_menu_typo_spacing":0,"ocean_menu_typo_spacing_tablet":0,"ocean_menu_typo_spacing_mobile":0,"ocean_menu_typo_spacing_unit":"","ocean_menu_link_color":"","ocean_menu_link_color_hover":"","ocean_menu_link_color_active":"","ocean_menu_link_background":"","ocean_menu_link_hover_background":"","ocean_menu_link_active_background":"","ocean_menu_social_links_bg":"","ocean_menu_social_hover_links_bg":"","ocean_menu_social_links_color":"","ocean_menu_social_hover_links_color":"","ocean_disable_title":"on","ocean_disable_heading":"default","ocean_post_title":"","ocean_post_subheading":"","ocean_post_title_style":"","ocean_post_title_background_color":"","ocean_post_title_background":0,"ocean_post_title_bg_image_position":"","ocean_post_title_bg_image_attachment":"","ocean_post_title_bg_image_repeat":"","ocean_post_title_bg_image_size":"","ocean_post_title_height":0,"ocean_post_title_bg_overlay":0.5,"ocean_post_title_bg_overlay_color":"","ocean_disable_breadcrumbs":"default","ocean_breadcrumbs_color":"","ocean_breadcrumbs_separator_color":"","ocean_breadcrumbs_links_color":"","ocean_breadcrumbs_links_hover_color":"","ocean_display_footer_widgets":"default","ocean_display_footer_bottom":"default","ocean_custom_footer_template":"0","footnotes":""},"class_list":["post-90","page","type-page","status-publish","hentry","entry"],"_links":{"self":[{"href":"https:\/\/biokalb-oberland.de\/index.php?rest_route=\/wp\/v2\/pages\/90"}],"collection":[{"href":"https:\/\/biokalb-oberland.de\/index.php?rest_route=\/wp\/v2\/pages"}],"about":[{"href":"https:\/\/biokalb-oberland.de\/index.php?rest_route=\/wp\/v2\/types\/page"}],"author":[{"embeddable":true,"href":"https:\/\/biokalb-oberland.de\/index.php?rest_route=\/wp\/v2\/users\/1"}],"replies":[{"embeddable":true,"href":"https:\/\/biokalb-oberland.de\/index.php?rest_route=%2Fwp%2Fv2%2Fcomments&post=90"}],"version-history":[{"count":71,"href":"https:\/\/biokalb-oberland.de\/index.php?rest_route=\/wp\/v2\/pages\/90\/revisions"}],"predecessor-version":[{"id":2955,"href":"https:\/\/biokalb-oberland.de\/index.php?rest_route=\/wp\/v2\/pages\/90\/revisions\/2955"}],"wp:attachment":[{"href":"https:\/\/biokalb-oberland.de\/index.php?rest_route=%2Fwp%2Fv2%2Fmedia&parent=90"}],"curies":[{"name":"wp","href":"https:\/\/api.w.org\/{rel}","templated":true}]}}